{"id":15,"date":"2017-01-20T15:50:54","date_gmt":"2017-01-20T14:50:54","guid":{"rendered":"http:\/\/www.kuziksp.pl\/?page_id=15"},"modified":"2017-01-20T15:50:54","modified_gmt":"2017-01-20T14:50:54","slug":"gornictwo","status":"publish","type":"page","link":"http:\/\/www.kuziksp.pl\/index.php\/gornictwo\/","title":{"rendered":"G\u00f3rnictwo"},"content":{"rendered":"<ul>\n<li>Po\u0142\u0105czenia sworzniowe<\/li>\n<li>Tuleje<\/li>\n<li>Szybkoz\u0142\u0105cza<\/li>\n<li>Ci\u0119\u017ckie podajniki ta\u015bmowe<\/li>\n<\/ul>\n<p>BRAN\u017bA KAMIENIARSKA:<\/p>\n<p>\u2192 \u0141upiarki<\/p>\n<p>&#8211; materia\u0142y eksploatacyjne<\/p>\n<p>&nbsp;<\/p>\n<p>&#8211; zestaw naprawczy si\u0142ownika sto\u0142u<\/p>\n<p>&#8211; zestaw naprawczy si\u0142ownika g\u0142\u00f3wnego<\/p>\n<p>&nbsp;<\/p>\n<p>&nbsp;<\/p>\n<p>&#8211; uchwyt no\u017cy<\/p>\n<p>&#8211; uchwyt t\u0142oczk\u00f3w<\/p>\n<p>&#8211; kaseta dolna<\/p>\n<p>&#8211; p\u0142ytka pod no\u017ce<\/p>\n<p>&#8211; p\u0142ytka pod piramidy<\/p>\n<p>&#8211; piramidka<\/p>\n<p>&#8211; \u00a0piramidki<\/p>\n<p>&#8211; filtry<\/p>\n<p>&#8211; wk\u0142adki do sto\u0142u<\/p>\n<p>&#8211; gumy sto\u0142u<\/p>\n<p>&#8211; gumy zbiornika M1O<\/p>\n<p>&#8211; gumy szafy sterowniczej M8<\/p>\n<p>&#8211; wa\u0142ka<\/p>\n<p>&#8211; t\u0142oczki<\/p>\n<p>&nbsp;<\/p>\n<p>\u2192 Maszynki<\/p>\n<p>&#8211; K-9\u00a0\u00a0\u00a0\u00a0\u00a0\u00a0\u00a0\u00a0\u00a0\u00a0\u00a0\u00a0\u00a0\u00a0 t\u0142oczki<\/p>\n<p>&#8211; MK-8\u00a0\u00a0\u00a0\u00a0\u00a0\u00a0\u00a0\u00a0\u00a0\u00a0\u00a0 nakr\u0119tki<\/p>\n","protected":false},"excerpt":{"rendered":"<p>Po\u0142\u0105czenia sworzniowe Tuleje Szybkoz\u0142\u0105cza Ci\u0119\u017ckie podajniki ta\u015bmowe BRAN\u017bA KAMIENIARSKA: \u2192 \u0141upiarki &#8211; materia\u0142y eksploatacyjne &nbsp; &#8211; zestaw naprawczy si\u0142ownika sto\u0142u &#8211; zestaw naprawczy si\u0142ownika g\u0142\u00f3wnego &nbsp; &nbsp; &#8211; uchwyt no\u017cy &#8211; uchwyt<a class=\"moretag\" href=\"http:\/\/www.kuziksp.pl\/index.php\/gornictwo\/\">Read More&#8230;<\/a><\/p>\n","protected":false},"author":1,"featured_media":0,"parent":0,"menu_order":0,"comment_status":"closed","ping_status":"closed","template":"","meta":[],"_links":{"self":[{"href":"http:\/\/www.kuziksp.pl\/index.php\/wp-json\/wp\/v2\/pages\/15"}],"collection":[{"href":"http:\/\/www.kuziksp.pl\/index.php\/wp-json\/wp\/v2\/pages"}],"about":[{"href":"http:\/\/www.kuziksp.pl\/index.php\/wp-json\/wp\/v2\/types\/page"}],"author":[{"embeddable":true,"href":"http:\/\/www.kuziksp.pl\/index.php\/wp-json\/wp\/v2\/users\/1"}],"replies":[{"embeddable":true,"href":"http:\/\/www.kuziksp.pl\/index.php\/wp-json\/wp\/v2\/comments?post=15"}],"version-history":[{"count":1,"href":"http:\/\/www.kuziksp.pl\/index.php\/wp-json\/wp\/v2\/pages\/15\/revisions"}],"predecessor-version":[{"id":16,"href":"http:\/\/www.kuziksp.pl\/index.php\/wp-json\/wp\/v2\/pages\/15\/revisions\/16"}],"wp:attachment":[{"href":"http:\/\/www.kuziksp.pl\/index.php\/wp-json\/wp\/v2\/media?parent=15"}],"curies":[{"name":"wp","href":"https:\/\/api.w.org\/{rel}","templated":true}]}}