{"id":19,"date":"2017-01-20T15:51:46","date_gmt":"2017-01-20T14:51:46","guid":{"rendered":"http:\/\/www.kuziksp.pl\/?page_id=19"},"modified":"2017-01-20T15:51:46","modified_gmt":"2017-01-20T14:51:46","slug":"sprzedaz","status":"publish","type":"page","link":"http:\/\/www.kuziksp.pl\/index.php\/sprzedaz\/","title":{"rendered":"Sprzeda\u017c"},"content":{"rendered":"<ul>\n<li>Hydraulika si\u0142owa<\/li>\n<\/ul>\n<p>\u2192 rozdzielacze suwakowe:<\/p>\n<p>\u2192 rozdzielacze nabojowe<br \/>\n\u2192 zawory zwrotne<\/p>\n<p>\u2192 zawory zwrotno-d\u0142awi\u0105ce<\/p>\n<p>\u2192 zawory d\u0142awi\u0105ce<\/p>\n<p>\u2192 zawory przelewowe<\/p>\n<p>\u2192 zawory steruj\u0105ce przep\u0142ywem<\/p>\n<p>\u2192 zawory redukcyjne<\/p>\n<p>\u2192 uszczelnienia techniczne<\/p>\n<p>\u2192 silniki hydrauliczne<\/p>\n<ul>\n<li>z\u0119bate<\/li>\n<li>gerotorowe<\/li>\n<li>t\u0142oczkowe<\/li>\n<\/ul>\n<p>\u2192\u00a0\u00a0\u00a0\u00a0\u00a0\u00a0\u00a0 pompy hydrauliczne<\/p>\n<ul>\n<li>z\u0119bate o zaz\u0119bieniu wewn\u0119trznym<\/li>\n<li>z\u0119bate o zaz\u0119bieniu zewn\u0119trznym<\/li>\n<li>\u0142opatkowe<\/li>\n<li>t\u0142oczkowe o sta\u0142ej wydajno\u015bci<\/li>\n<li>t\u0142oczkowe o zmiennej wydajno\u015bci<\/li>\n<li>r\u0119czne<\/li>\n<\/ul>\n<p>\u2192Filtry<\/p>\n<ul>\n<li>odpowietrzaj\u0105ce<\/li>\n<li>ssawne<\/li>\n<li>ci\u015bnieniowe<\/li>\n<li>powrotne<\/li>\n<\/ul>\n<p>\u2192Olej hydrauliczny TEXACO HDZ 46<\/p>\n","protected":false},"excerpt":{"rendered":"<p>Hydraulika si\u0142owa \u2192 rozdzielacze suwakowe: \u2192 rozdzielacze nabojowe \u2192 zawory zwrotne \u2192 zawory zwrotno-d\u0142awi\u0105ce \u2192 zawory d\u0142awi\u0105ce \u2192 zawory przelewowe \u2192 zawory steruj\u0105ce przep\u0142ywem \u2192 zawory redukcyjne \u2192 uszczelnienia techniczne \u2192 silniki<a class=\"moretag\" href=\"http:\/\/www.kuziksp.pl\/index.php\/sprzedaz\/\">Read More&#8230;<\/a><\/p>\n","protected":false},"author":1,"featured_media":0,"parent":0,"menu_order":0,"comment_status":"closed","ping_status":"closed","template":"","meta":[],"_links":{"self":[{"href":"http:\/\/www.kuziksp.pl\/index.php\/wp-json\/wp\/v2\/pages\/19"}],"collection":[{"href":"http:\/\/www.kuziksp.pl\/index.php\/wp-json\/wp\/v2\/pages"}],"about":[{"href":"http:\/\/www.kuziksp.pl\/index.php\/wp-json\/wp\/v2\/types\/page"}],"author":[{"embeddable":true,"href":"http:\/\/www.kuziksp.pl\/index.php\/wp-json\/wp\/v2\/users\/1"}],"replies":[{"embeddable":true,"href":"http:\/\/www.kuziksp.pl\/index.php\/wp-json\/wp\/v2\/comments?post=19"}],"version-history":[{"count":1,"href":"http:\/\/www.kuziksp.pl\/index.php\/wp-json\/wp\/v2\/pages\/19\/revisions"}],"predecessor-version":[{"id":20,"href":"http:\/\/www.kuziksp.pl\/index.php\/wp-json\/wp\/v2\/pages\/19\/revisions\/20"}],"wp:attachment":[{"href":"http:\/\/www.kuziksp.pl\/index.php\/wp-json\/wp\/v2\/media?parent=19"}],"curies":[{"name":"wp","href":"https:\/\/api.w.org\/{rel}","templated":true}]}}