{"id":8,"date":"2017-01-20T15:48:45","date_gmt":"2017-01-20T14:48:45","guid":{"rendered":"http:\/\/www.kuziksp.pl\/?page_id=8"},"modified":"2017-01-20T15:48:45","modified_gmt":"2017-01-20T14:48:45","slug":"obrobka-skrawaniem","status":"publish","type":"page","link":"http:\/\/www.kuziksp.pl\/index.php\/obrobka-skrawaniem\/","title":{"rendered":"Obr\u00f3bka skrawaniem"},"content":{"rendered":"<p>CNC<\/p>\n<p>Frezowanie 3-osiowe \u00a0X=1000 Y=550 Z= 500<\/p>\n<p>&nbsp;<\/p>\n<p>KONWENCJONALNA<\/p>\n<p>\u2192 Frezowanie x1200 x600 z 450<\/p>\n<p>\u2192 Toczenie\u00a0\u00a0\u00a0\u00a0 \u00d8 max 700 mm (350 nad suportem)\u00a0 L max = 3000 mm (w k\u0142ach)<\/p>\n<p>\u2192 Wiercenie\u00a0\u00a0 \u00d8 max 90 mm<\/p>\n<p>\u2192 Ci\u0119cie pi\u0142\u0105 ta\u015bmow\u0105\u00a0 250&#215;250<\/p>\n","protected":false},"excerpt":{"rendered":"<p>CNC Frezowanie 3-osiowe \u00a0X=1000 Y=550 Z= 500 &nbsp; KONWENCJONALNA \u2192 Frezowanie x1200 x600 z 450 \u2192 Toczenie\u00a0\u00a0\u00a0\u00a0 \u00d8 max 700 mm (350 nad suportem)\u00a0 L max = 3000 mm (w k\u0142ach) \u2192<a class=\"moretag\" href=\"http:\/\/www.kuziksp.pl\/index.php\/obrobka-skrawaniem\/\">Read More&#8230;<\/a><\/p>\n","protected":false},"author":1,"featured_media":0,"parent":0,"menu_order":0,"comment_status":"closed","ping_status":"closed","template":"","meta":[],"_links":{"self":[{"href":"http:\/\/www.kuziksp.pl\/index.php\/wp-json\/wp\/v2\/pages\/8"}],"collection":[{"href":"http:\/\/www.kuziksp.pl\/index.php\/wp-json\/wp\/v2\/pages"}],"about":[{"href":"http:\/\/www.kuziksp.pl\/index.php\/wp-json\/wp\/v2\/types\/page"}],"author":[{"embeddable":true,"href":"http:\/\/www.kuziksp.pl\/index.php\/wp-json\/wp\/v2\/users\/1"}],"replies":[{"embeddable":true,"href":"http:\/\/www.kuziksp.pl\/index.php\/wp-json\/wp\/v2\/comments?post=8"}],"version-history":[{"count":1,"href":"http:\/\/www.kuziksp.pl\/index.php\/wp-json\/wp\/v2\/pages\/8\/revisions"}],"predecessor-version":[{"id":9,"href":"http:\/\/www.kuziksp.pl\/index.php\/wp-json\/wp\/v2\/pages\/8\/revisions\/9"}],"wp:attachment":[{"href":"http:\/\/www.kuziksp.pl\/index.php\/wp-json\/wp\/v2\/media?parent=8"}],"curies":[{"name":"wp","href":"https:\/\/api.w.org\/{rel}","templated":true}]}}